{"id":2092,"date":"2024-10-03T10:24:24","date_gmt":"2024-10-03T10:24:24","guid":{"rendered":"https:\/\/frenzzi.it\/?post_type=product&#038;p=2092"},"modified":"2025-11-06T10:22:55","modified_gmt":"2025-11-06T09:22:55","slug":"soft-touch-night-care","status":"publish","type":"product","link":"https:\/\/frenzzi.it\/es\/product\/soft-touch-night-care\/","title":{"rendered":"Soft Touch Night Care"},"content":{"rendered":"<div id=\"fws_69f0ad11587fb\"  data-column-margin=\"default\" data-midnight=\"dark\"  class=\"wpb_row vc_row-fluid vc_row vc_row-o-equal-height vc_row-flex\"  style=\"padding-top: 0px; padding-bottom: 0px; \"><div class=\"row-bg-wrap\" data-bg-animation=\"none\" data-bg-animation-delay=\"\" data-bg-overlay=\"false\"><div class=\"inner-wrap row-bg-layer\" ><div class=\"row-bg viewport-desktop\"  style=\"\"><\/div><\/div><\/div><div class=\"row_col_wrap_12 col span_12 dark left\">\n\t<div  class=\"vc_col-sm-2 vc_hidden-xs wpb_column column_container vc_column_container col no-extra-padding inherit_tablet inherit_phone\"  data-padding-pos=\"all\" data-has-bg-color=\"false\" data-bg-color=\"\" data-bg-opacity=\"1\" data-animation=\"\" data-delay=\"0\" >\n\t\t<div class=\"vc_column-inner\" >\n\t\t\t<div class=\"wpb_wrapper\">\n\t\t\t\t\n\t\t\t<\/div> \n\t\t<\/div>\n\t<\/div> \n\n\t<div  class=\"vc_col-sm-8 vc_col-xs-12 wpb_column column_container vc_column_container col no-extra-padding inherit_tablet inherit_phone\"  data-padding-pos=\"all\" data-has-bg-color=\"false\" data-bg-color=\"\" data-bg-opacity=\"1\" data-animation=\"\" data-delay=\"0\" >\n\t\t<div class=\"vc_column-inner\" >\n\t\t\t<div class=\"wpb_wrapper\">\n\t\t\t\t\n\t<div class=\"wpb_content_element\" data-interval=\"0\">\n\t\t<div class=\"wpb_wrapper tabbed clearfix\" data-style=\"material\" data-animation=\"fade\" data-spacing=\"default\" data-icon-size=\"24\" data-full-width-line=\"\" data-color-scheme=\"extra-color-2\" data-alignment=\"left\">\n\t\t\t<ul class=\"wpb_tabs_nav ui-tabs-nav clearfix\"><li class=\"tab-item active-tab\"><a role=\"button\" href=\"#tab-consejos-de-uso\" class=\"active-tab\"><span>Consejos de uso<\/span><\/a><\/li><li class=\"tab-item\"><a role=\"button\" href=\"#tab-ingredientes\" ><span>Ingredientes<\/span><\/a><\/li><li class=\"tab-item\"><a role=\"button\" href=\"#tab-composicion\" ><span>Composici\u00f3n<\/span><\/a><\/li><\/ul>\n\n\t\t\t\n\t\t\t<div id=\"tab-consejos-de-uso\" data-tab-icon=\"\" class=\"wpb_tab ui-tabs-panel wpb_ui-tabs-hide clearfix\">\n\t\t\t\t\n<div class=\"wpb_text_column wpb_content_element\" >\n\t<p><strong>Paso 1: Aplicaci\u00f3n del Shampoo S\u00f3lido<\/strong><br \/>\nM\u00f3jate el cabello y frota el shampoo s\u00f3lido hasta crear una espuma cremosa.<br \/>\n<em>Consejo Extra:<\/em> Emulsiona el producto en las manos para activar sus beneficios.<\/p>\n<p><strong>Paso 2: Aplicaci\u00f3n del Spray Cascada de Prote\u00ednas<\/strong><br \/>\nRoc\u00eda sobre el cabello mojado y seco, concentr\u00e1ndote en las puntas.<br \/>\n<em>Consejo Extra:<\/em> \u00dasalo antes de dormir para mantener el cabello protegido y sin encrespamiento.<\/p>\n<p><strong>Paso 3: Usa la Gorra de Sat\u00e9n<\/strong><br \/>\nPonte la gorra de sat\u00e9n para evitar el encrespamiento y proteger el cabello de la rotura mientras duermes.<\/p>\n<\/div>\n\n\n\n\n\t\t\t<\/div> \n\t\t\t<div id=\"tab-ingredientes\" data-tab-icon=\"\" class=\"wpb_tab ui-tabs-panel wpb_ui-tabs-hide clearfix\">\n\t\t\t\t\n<div class=\"wpb_text_column wpb_content_element\" >\n\t<p><strong>Cascada de Prote\u00ednas:<\/strong> Prote\u00ednas de arroz, lim\u00f3n y guisante, extracto de ch\u00eda.<\/p>\n<p><strong>Shampoo S\u00f3lido:<\/strong> Aceites esenciales de arg\u00e1n, macadamia y naranja.<\/p>\n<\/div>\n\n\n\n\n\t\t\t<\/div> \n\t\t\t<div id=\"tab-composicion\" data-tab-icon=\"\" class=\"wpb_tab ui-tabs-panel wpb_ui-tabs-hide clearfix\">\n\t\t\t\t\n<div class=\"wpb_text_column wpb_content_element\" >\n\t<p><strong>Cascada de Prote\u00ednas:<\/strong><br \/>\n<strong>100ml<\/strong><br \/>\nAqua, Pentylene glycol, Cetrimonium chloride, Hydroxypropyltrimonium lemon protein, Parfum, Polyglyceryl-4 caprate, Polyglyceryl-6 caprylate, Glycerin, Caprylyl glycol, Glyceryl caprylate\/caprate, Sodium benzoate, Hydrolyzed rice protein, Potassium sorbate, Honokiol, Citric acid, Biosaccharide gum-4, Hydrolyzed pea, Salvia hispanica seed extract.<\/p>\n<p><strong>Shampoo S\u00f3lido:<\/strong><br \/>\n<strong>55gr<\/strong><br \/>\nHydrogenated vegetable oil, Sodium cocoyl isethionate, Aqua, Polyglyceryl-4 laurate, Glycerin, Limonene*, Argania spinosa kernel oil, Macadamia ternifolia seed oil, Tetrasodium glutamate diacetate, Citrus aurantium dulcis peel oil expressed, Rubia tinctorum root extract, Citric acid.<br \/>\n*naturally contained in essential oils<\/p>\n<\/div>\n\n\n\n\n\t\t\t<\/div> \n\t\t<\/div> \n\t<\/div> \n\t\t\t<\/div> \n\t\t<\/div>\n\t<\/div> \n\n\t<div  class=\"vc_col-sm-2 vc_hidden-xs wpb_column column_container vc_column_container col no-extra-padding inherit_tablet inherit_phone\"  data-padding-pos=\"all\" data-has-bg-color=\"false\" data-bg-color=\"\" data-bg-opacity=\"1\" data-animation=\"\" data-delay=\"0\" >\n\t\t<div class=\"vc_column-inner\" >\n\t\t\t<div class=\"wpb_wrapper\">\n\t\t\t\t\n\t\t\t<\/div> \n\t\t<\/div>\n\t<\/div> \n<\/div><\/div>\n\t\t<div id=\"fws_69f0ad115a3c2\"  data-column-margin=\"default\" data-midnight=\"dark\"  class=\"wpb_row vc_row-fluid vc_row\"  style=\"padding-top: 0px; padding-bottom: 0px; \"><div class=\"row-bg-wrap\" data-bg-animation=\"none\" data-bg-animation-delay=\"\" data-bg-overlay=\"false\"><div class=\"inner-wrap row-bg-layer\" ><div class=\"row-bg viewport-desktop\"  style=\"\"><\/div><\/div><\/div><div class=\"row_col_wrap_12 col span_12 dark left\">\n\t<div  class=\"vc_col-sm-4 vc_hidden-xs wpb_column column_container vc_column_container col no-extra-padding inherit_tablet inherit_phone\"  data-padding-pos=\"all\" data-has-bg-color=\"false\" data-bg-color=\"\" data-bg-opacity=\"1\" data-animation=\"\" data-delay=\"0\" >\n\t\t<div class=\"vc_column-inner\" >\n\t\t\t<div class=\"wpb_wrapper\">\n\t\t\t\t\n\t\t\t<\/div> \n\t\t<\/div>\n\t<\/div> \n\n\t<div  class=\"vc_col-sm-4 wpb_column column_container vc_column_container col no-extra-padding inherit_tablet inherit_phone\"  data-padding-pos=\"all\" data-has-bg-color=\"false\" data-bg-color=\"\" data-bg-opacity=\"1\" data-animation=\"\" data-delay=\"0\" >\n\t\t<div class=\"vc_column-inner\" >\n\t\t\t<div class=\"wpb_wrapper\">\n\t\t\t\t<div id=\"fws_69f0ad115af4b\" data-midnight=\"\" data-column-margin=\"default\" class=\"wpb_row vc_row-fluid vc_row inner_row\"  style=\"\"><div class=\"row-bg-wrap\"> <div class=\"row-bg\" ><\/div> <\/div><div class=\"row_col_wrap_12_inner col span_12  left\">\n\t<div  class=\"vc_col-sm-3 vc_col-xs-3 wpb_column column_container vc_column_container col child_column no-extra-padding inherit_tablet inherit_phone\"   data-padding-pos=\"all\" data-has-bg-color=\"false\" data-bg-color=\"\" data-bg-opacity=\"1\" data-animation=\"\" data-delay=\"0\" >\n\t\t<div class=\"vc_column-inner\" >\n\t\t<div class=\"wpb_wrapper\">\n\t\t\t<div class=\"img-with-aniamtion-wrap  custom-size\" data-max-width=\"100%\" data-max-width-mobile=\"default\" data-shadow=\"none\" data-animation=\"none\" >\n      <div class=\"inner\">\n        <div class=\"hover-wrap\"> \n          <div class=\"hover-wrap-inner\">\n            <img decoding=\"async\" class=\"img-with-animation skip-lazy\" data-delay=\"0\" height=\"150\" width=\"150\" data-animation=\"none\" src=\"https:\/\/frenzzi.it\/wp-content\/uploads\/2021\/02\/Vegan-Product-150x150.png\" alt=\"\" srcset=\"https:\/\/frenzzi.it\/wp-content\/uploads\/2021\/02\/Vegan-Product-150x150.png 150w, https:\/\/frenzzi.it\/wp-content\/uploads\/2021\/02\/Vegan-Product-300x300.png 300w, https:\/\/frenzzi.it\/wp-content\/uploads\/2021\/02\/Vegan-Product-140x140.png 140w, https:\/\/frenzzi.it\/wp-content\/uploads\/2021\/02\/Vegan-Product-100x100.png 100w, https:\/\/frenzzi.it\/wp-content\/uploads\/2021\/02\/Vegan-Product-350x350.png 350w\" sizes=\"(max-width: 150px) 100vw, 150px\" \/>\n          <\/div>\n        <\/div>\n        \n      <\/div>\n    <\/div>\n\t\t<\/div> \n\t<\/div>\n\t<\/div> \n\n\t<div  class=\"vc_col-sm-3 vc_col-xs-3 wpb_column column_container vc_column_container col child_column no-extra-padding inherit_tablet inherit_phone\"   data-padding-pos=\"all\" data-has-bg-color=\"false\" data-bg-color=\"\" data-bg-opacity=\"1\" data-animation=\"\" data-delay=\"0\" >\n\t\t<div class=\"vc_column-inner\" >\n\t\t<div class=\"wpb_wrapper\">\n\t\t\t<div class=\"img-with-aniamtion-wrap  custom-size\" data-max-width=\"100%\" data-max-width-mobile=\"default\" data-shadow=\"none\" data-animation=\"none\" >\n      <div class=\"inner\">\n        <div class=\"hover-wrap\"> \n          <div class=\"hover-wrap-inner\">\n            <img decoding=\"async\" class=\"img-with-animation skip-lazy\" data-delay=\"0\" height=\"150\" width=\"150\" data-animation=\"none\" src=\"https:\/\/frenzzi.it\/wp-content\/uploads\/2021\/02\/Gluten-Free-150x150.png\" alt=\"\" srcset=\"https:\/\/frenzzi.it\/wp-content\/uploads\/2021\/02\/Gluten-Free-150x150.png 150w, https:\/\/frenzzi.it\/wp-content\/uploads\/2021\/02\/Gluten-Free-300x300.png 300w, https:\/\/frenzzi.it\/wp-content\/uploads\/2021\/02\/Gluten-Free-140x140.png 140w, https:\/\/frenzzi.it\/wp-content\/uploads\/2021\/02\/Gluten-Free-100x100.png 100w, https:\/\/frenzzi.it\/wp-content\/uploads\/2021\/02\/Gluten-Free-350x350.png 350w\" sizes=\"(max-width: 150px) 100vw, 150px\" \/>\n          <\/div>\n        <\/div>\n        \n      <\/div>\n    <\/div>\n\t\t<\/div> \n\t<\/div>\n\t<\/div> \n\n\t<div  class=\"vc_col-sm-3 vc_col-xs-3 wpb_column column_container vc_column_container col child_column no-extra-padding inherit_tablet inherit_phone\"   data-padding-pos=\"all\" data-has-bg-color=\"false\" data-bg-color=\"\" data-bg-opacity=\"1\" data-animation=\"\" data-delay=\"0\" >\n\t\t<div class=\"vc_column-inner\" >\n\t\t<div class=\"wpb_wrapper\">\n\t\t\t<div class=\"img-with-aniamtion-wrap  custom-size\" data-max-width=\"100%\" data-max-width-mobile=\"default\" data-shadow=\"none\" data-animation=\"none\" >\n      <div class=\"inner\">\n        <div class=\"hover-wrap\"> \n          <div class=\"hover-wrap-inner\">\n            <img decoding=\"async\" class=\"img-with-animation skip-lazy\" data-delay=\"0\" height=\"150\" width=\"150\" data-animation=\"none\" src=\"https:\/\/frenzzi.it\/wp-content\/uploads\/2021\/02\/Paraben-Free-150x150.png\" alt=\"\" srcset=\"https:\/\/frenzzi.it\/wp-content\/uploads\/2021\/02\/Paraben-Free-150x150.png 150w, https:\/\/frenzzi.it\/wp-content\/uploads\/2021\/02\/Paraben-Free-300x300.png 300w, https:\/\/frenzzi.it\/wp-content\/uploads\/2021\/02\/Paraben-Free-140x140.png 140w, https:\/\/frenzzi.it\/wp-content\/uploads\/2021\/02\/Paraben-Free-100x100.png 100w, https:\/\/frenzzi.it\/wp-content\/uploads\/2021\/02\/Paraben-Free-350x350.png 350w\" sizes=\"(max-width: 150px) 100vw, 150px\" \/>\n          <\/div>\n        <\/div>\n        \n      <\/div>\n    <\/div>\n\t\t<\/div> \n\t<\/div>\n\t<\/div> \n\n\t<div  class=\"vc_col-sm-3 vc_col-xs-3 wpb_column column_container vc_column_container col child_column no-extra-padding inherit_tablet inherit_phone\"   data-padding-pos=\"all\" data-has-bg-color=\"false\" data-bg-color=\"\" data-bg-opacity=\"1\" data-animation=\"\" data-delay=\"0\" >\n\t\t<div class=\"vc_column-inner\" >\n\t\t<div class=\"wpb_wrapper\">\n\t\t\t<div class=\"img-with-aniamtion-wrap  custom-size\" data-max-width=\"100%\" data-max-width-mobile=\"default\" data-shadow=\"none\" data-animation=\"none\" >\n      <div class=\"inner\">\n        <div class=\"hover-wrap\"> \n          <div class=\"hover-wrap-inner\">\n            <img decoding=\"async\" class=\"img-with-animation skip-lazy\" data-delay=\"0\" height=\"150\" width=\"150\" data-animation=\"none\" src=\"https:\/\/frenzzi.it\/wp-content\/uploads\/2021\/02\/Silicon-Free-150x150.png\" alt=\"\" srcset=\"https:\/\/frenzzi.it\/wp-content\/uploads\/2021\/02\/Silicon-Free-150x150.png 150w, https:\/\/frenzzi.it\/wp-content\/uploads\/2021\/02\/Silicon-Free-300x300.png 300w, https:\/\/frenzzi.it\/wp-content\/uploads\/2021\/02\/Silicon-Free-140x140.png 140w, https:\/\/frenzzi.it\/wp-content\/uploads\/2021\/02\/Silicon-Free-100x100.png 100w, https:\/\/frenzzi.it\/wp-content\/uploads\/2021\/02\/Silicon-Free-350x350.png 350w\" sizes=\"(max-width: 150px) 100vw, 150px\" \/>\n          <\/div>\n        <\/div>\n        \n      <\/div>\n    <\/div>\n\t\t<\/div> \n\t<\/div>\n\t<\/div> \n<\/div><\/div>\n\t\t\t<\/div> \n\t\t<\/div>\n\t<\/div> \n\n\t<div  class=\"vc_col-sm-4 vc_hidden-xs wpb_column column_container vc_column_container col no-extra-padding inherit_tablet inherit_phone\"  data-padding-pos=\"all\" data-has-bg-color=\"false\" data-bg-color=\"\" data-bg-opacity=\"1\" data-animation=\"\" data-delay=\"0\" >\n\t\t<div class=\"vc_column-inner\" >\n\t\t\t<div class=\"wpb_wrapper\">\n\t\t\t\t\n\t\t\t<\/div> \n\t\t<\/div>\n\t<\/div> \n<\/div><\/div>","protected":false},"excerpt":{"rendered":"<p>Un kit para el cuidado nocturno para mantener el cabello hidratado y protegido durante el sue\u00f1o. Incluye un shampoo s\u00f3lido, un spray Protein Cascade y una gorra de sat\u00e9n para prevenir roturas y ondulaciones durante la noche.<\/p>","protected":false},"featured_media":2946,"comment_status":"open","ping_status":"closed","template":"","meta":[],"product_brand":[],"product_cat":[32],"product_tag":[],"class_list":{"0":"post-2092","1":"product","2":"type-product","3":"status-publish","4":"has-post-thumbnail","6":"product_cat-kit","8":"first","9":"instock","10":"sale","11":"shipping-taxable","12":"purchasable","13":"product-type-simple"},"_links":{"self":[{"href":"https:\/\/frenzzi.it\/es\/wp-json\/wp\/v2\/product\/2092","targetHints":{"allow":["GET"]}}],"collection":[{"href":"https:\/\/frenzzi.it\/es\/wp-json\/wp\/v2\/product"}],"about":[{"href":"https:\/\/frenzzi.it\/es\/wp-json\/wp\/v2\/types\/product"}],"replies":[{"embeddable":true,"href":"https:\/\/frenzzi.it\/es\/wp-json\/wp\/v2\/comments?post=2092"}],"wp:featuredmedia":[{"embeddable":true,"href":"https:\/\/frenzzi.it\/es\/wp-json\/wp\/v2\/media\/2946"}],"wp:attachment":[{"href":"https:\/\/frenzzi.it\/es\/wp-json\/wp\/v2\/media?parent=2092"}],"wp:term":[{"taxonomy":"product_brand","embeddable":true,"href":"https:\/\/frenzzi.it\/es\/wp-json\/wp\/v2\/product_brand?post=2092"},{"taxonomy":"product_cat","embeddable":true,"href":"https:\/\/frenzzi.it\/es\/wp-json\/wp\/v2\/product_cat?post=2092"},{"taxonomy":"product_tag","embeddable":true,"href":"https:\/\/frenzzi.it\/es\/wp-json\/wp\/v2\/product_tag?post=2092"}],"curies":[{"name":"wp","href":"https:\/\/api.w.org\/{rel}","templated":true}]}}